{"id":2431,"date":"2023-10-24T16:30:57","date_gmt":"2023-10-24T20:30:57","guid":{"rendered":"https:\/\/circulosclinicos.cl\/?page_id=2431"},"modified":"2023-11-08T14:36:52","modified_gmt":"2023-11-08T18:36:52","slug":"repositorio","status":"publish","type":"page","link":"https:\/\/circulosclinicos.cl\/?page_id=2431","title":{"rendered":"repositorio"},"content":{"rendered":"<p>[et_pb_section fb_built=\u00bb1&#8243; _builder_version=\u00bb4.23&#8243; _module_preset=\u00bbdefault\u00bb custom_padding=\u00bb0px||0px|||\u00bb global_colors_info=\u00bb{}\u00bb][et_pb_row _builder_version=\u00bb4.23&#8243; _module_preset=\u00bbdefault\u00bb width=\u00bb100%\u00bb max_width=\u00bb100%\u00bb custom_padding=\u00bb||0px|||\u00bb global_colors_info=\u00bb{}\u00bb][et_pb_column type=\u00bb4_4&#8243; _builder_version=\u00bb4.23&#8243; _module_preset=\u00bbdefault\u00bb global_colors_info=\u00bb{}\u00bb][et_pb_slider _builder_version=\u00bb4.23.1&#8243; _module_preset=\u00bbdefault\u00bb header_font_size=\u00bb47px\u00bb use_background_color_gradient=\u00bbon\u00bb background_color_gradient_stops=\u00bbrgba(213,212,213,0.61) 2%|#d5d4d5 100%\u00bb background_image=\u00bbhttps:\/\/circulosclinicos.cl\/wp-content\/uploads\/2023\/10\/abundante-coleccion-libros-antiguos-estantes-madera-generados-ia-1.jpg\u00bb min_height=\u00bb588px\u00bb height=\u00bb670px\u00bb max_height=\u00bb529px\u00bb custom_margin=\u00bb||73px|||\u00bb custom_padding=\u00bb||108px|||\u00bb auto=\u00bbon\u00bb auto_speed=\u00bb3000&#8243; custom_css_slide_description=\u00bbanimation-name: none;\u00bb global_colors_info=\u00bb{}\u00bb][et_pb_slide heading=\u00bbREPOSITORIO\u00bb _builder_version=\u00bb4.23.1&#8243; _module_preset=\u00bbdefault\u00bb header_font=\u00bb|800|||||||\u00bb header_font_size=\u00bb75px\u00bb background_enable_color=\u00bboff\u00bb use_background_color_gradient=\u00bbon\u00bb background_color_gradient_stops=\u00bbrgba(244,122,0,0.18) 0%|rgba(234,176,82,0.4) 91%\u00bb background_color_gradient_overlays_image=\u00bbon\u00bb background_image=\u00bbhttps:\/\/circulosclinicos.cl\/wp-content\/uploads\/2023\/10\/comoda-almohada-leyendo-biblia-luz-velas-interiores-generada-ia-1.jpg\u00bb background_enable_image=\u00bbon\u00bb header_font_size_tablet=\u00bb66px\u00bb header_font_size_phone=\u00bb38px\u00bb header_font_size_last_edited=\u00bbon|desktop\u00bb global_colors_info=\u00bb{}\u00bb sticky_transition=\u00bbon\u00bb][\/et_pb_slide][et_pb_slide heading=\u00bbREPOSITORIO\u00bb _builder_version=\u00bb4.23.1&#8243; _module_preset=\u00bbdefault\u00bb header_font=\u00bb|800|||||||\u00bb header_font_size=\u00bb75px\u00bb background_enable_color=\u00bboff\u00bb use_background_color_gradient=\u00bbon\u00bb background_color_gradient_stops=\u00bbrgba(244,122,0,0.18) 0%|rgba(234,176,82,0.4) 91%\u00bb background_color_gradient_overlays_image=\u00bbon\u00bb background_image=\u00bbhttps:\/\/circulosclinicos.cl\/wp-content\/uploads\/2023\/10\/tocadiscos-obsoletos-mesa-antigua-club-nocturno-generado-ia-1.jpg\u00bb background_enable_image=\u00bbon\u00bb header_font_size_tablet=\u00bb66px\u00bb header_font_size_phone=\u00bb38px\u00bb header_font_size_last_edited=\u00bbon|phone\u00bb global_colors_info=\u00bb{}\u00bb sticky_transition=\u00bbon\u00bb][\/et_pb_slide][et_pb_slide heading=\u00bbREPOSITORIO\u00bb _builder_version=\u00bb4.23.1&#8243; _module_preset=\u00bbdefault\u00bb header_font=\u00bb|800|||||||\u00bb header_font_size=\u00bb75px\u00bb background_enable_color=\u00bboff\u00bb use_background_color_gradient=\u00bbon\u00bb background_color_gradient_stops=\u00bbrgba(244,122,0,0.18) 0%|rgba(234,176,82,0.4) 91%\u00bb background_color_gradient_overlays_image=\u00bbon\u00bb background_image=\u00bbhttps:\/\/circulosclinicos.cl\/wp-content\/uploads\/2023\/10\/pila-libros-texto-antiguos-estante-biblioteca-generado-ai-1.jpg\u00bb background_enable_image=\u00bbon\u00bb header_font_size_tablet=\u00bb66px\u00bb header_font_size_phone=\u00bb38px\u00bb header_font_size_last_edited=\u00bbon|phone\u00bb global_colors_info=\u00bb{}\u00bb sticky_transition=\u00bbon\u00bb][\/et_pb_slide][et_pb_slide heading=\u00bbREPOSITORIO\u00bb _builder_version=\u00bb4.23.1&#8243; _module_preset=\u00bbdefault\u00bb header_font=\u00bb|800|||||||\u00bb header_font_size=\u00bb75px\u00bb background_enable_color=\u00bboff\u00bb use_background_color_gradient=\u00bbon\u00bb background_color_gradient_stops=\u00bbrgba(244,122,0,0.18) 0%|rgba(234,176,82,0.4) 91%\u00bb background_color_gradient_overlays_image=\u00bbon\u00bb background_image=\u00bbhttps:\/\/circulosclinicos.cl\/wp-content\/uploads\/2023\/10\/vista-lateral-mano-sosteniendo-hoja-papel-1.jpg\u00bb background_enable_image=\u00bbon\u00bb header_font_size_tablet=\u00bb66px\u00bb header_font_size_phone=\u00bb38px\u00bb header_font_size_last_edited=\u00bbon|phone\u00bb global_colors_info=\u00bb{}\u00bb sticky_transition=\u00bbon\u00bb][\/et_pb_slide][et_pb_slide heading=\u00bbREPOSITORIO\u00bb _builder_version=\u00bb4.23.1&#8243; _module_preset=\u00bbdefault\u00bb header_font=\u00bb|800|||||||\u00bb header_font_size=\u00bb75px\u00bb background_enable_color=\u00bboff\u00bb use_background_color_gradient=\u00bbon\u00bb background_color_gradient_stops=\u00bbrgba(244,122,0,0.18) 0%|rgba(234,176,82,0.4) 91%\u00bb background_color_gradient_overlays_image=\u00bbon\u00bb background_image=\u00bbhttps:\/\/circulosclinicos.cl\/wp-content\/uploads\/2023\/10\/abundante-coleccion-libros-antiguos-estantes-madera-generados-ia-1.jpg\u00bb background_enable_image=\u00bbon\u00bb header_font_size_tablet=\u00bb66px\u00bb header_font_size_phone=\u00bb38px\u00bb header_font_size_last_edited=\u00bbon|phone\u00bb global_colors_info=\u00bb{}\u00bb sticky_transition=\u00bbon\u00bb][\/et_pb_slide][\/et_pb_slider][\/et_pb_column][\/et_pb_row][\/et_pb_section][et_pb_section fb_built=\u00bb1&#8243; _builder_version=\u00bb4.23&#8243; _module_preset=\u00bbdefault\u00bb custom_padding=\u00bb0px|||||\u00bb global_colors_info=\u00bb{}\u00bb][et_pb_row _builder_version=\u00bb4.23&#8243; _module_preset=\u00bbdefault\u00bb width=\u00bb85%\u00bb max_width=\u00bb84%\u00bb custom_padding=\u00bb15px|||||\u00bb global_colors_info=\u00bb{}\u00bb][et_pb_column type=\u00bb4_4&#8243; _builder_version=\u00bb4.23&#8243; _module_preset=\u00bbdefault\u00bb global_colors_info=\u00bb{}\u00bb][et_pb_team_member name=\u00bbFrente al suicidio y adicciones: \u00bfExiste una receta?\u00bb position=\u00bbMi\u00e9rcoles 25 de octubre 2023. SUBSECRETARIA DE SALUD PUBLICA \/ Seremi de Salud VI Regi\u00f3n. \/\/  Ps. Christian Garc\u00eda. &#8211; Ps. Mauricio Pizarro\u00bb image_url=\u00bbhttps:\/\/circulosclinicos.cl\/wp-content\/uploads\/2023\/10\/caratula.png\u00bb _builder_version=\u00bb4.23&#8243; _module_preset=\u00bbdefault\u00bb header_line_height=\u00bb1.1em\u00bb position_font=\u00bb|600|||||||\u00bb position_text_align=\u00bbjustify\u00bb position_text_color=\u00bbrgba(0,0,0,0.65)\u00bb width=\u00bb100%\u00bb custom_margin=\u00bb0px||||false|false\u00bb custom_padding=\u00bb31px|15px|9px|9px|false|false\u00bb header_text_align_tablet=\u00bb\u00bb header_text_align_phone=\u00bbcenter\u00bb header_text_align_last_edited=\u00bbon|phone\u00bb border_radii=\u00bbon|4px|4px|4px|4px\u00bb border_radii_image=\u00bbon|3px|3px|3px|3px\u00bb border_width_all_image=\u00bb5px\u00bb border_color_all_image=\u00bb#FFFFFF\u00bb border_radii_image_tablet=\u00bbon|3px|3px|3px|3px\u00bb border_radii_image_phone=\u00bbon|3px|3px|3px|3px\u00bb border_radii_image_last_edited=\u00bbon|phone\u00bb border_color_all_image_tablet=\u00bb#FFFFFF\u00bb border_color_all_image_phone=\u00bb#FFFFFF\u00bb border_color_all_image_last_edited=\u00bbon|phone\u00bb box_shadow_style=\u00bbpreset2&#8243; box_shadow_style_image=\u00bbpreset2&#8243; global_colors_info=\u00bb{}\u00bb]<\/p>\n<p>&nbsp;<\/p>\n<p>1.- <a href=\"https:\/\/circulosclinicos.cl\/wp-content\/uploads\/2023\/10\/adicciones-y-suicidio_pdf.pdf\">Presentaci\u00f3n PPT. Frente al consumo y sucidio: \u00bfExiste una receta? (Ps. Mauricio Pizarro &#8211; Ps. Christian Garc\u00eda)<\/a>.<\/p>\n<p>2.- <a href=\"https:\/\/www.scielo.cl\/pdf\/rmc\/v150n8\/0717-6163-rmc-150-08-1036.pdf\" target=\"_blank\" rel=\"noopener\">Conducta suicida, consumo de sustancias psicoactivas y calidad de vida en adolescentes chilenos.<\/a><\/p>\n<p>3.-<a href=\"https:\/\/www.minsal.cl\/sites\/default\/files\/Programa_Nacional_Prevencion.pdf\" target=\"_blank\" rel=\"noopener\">PROGRAMA NACIONAL DE PREVENCION DEL SUICIDIO.\u00a0 Orientaciones para su Implementaci\u00f3n.<\/a><\/p>\n<p>4.- <a href=\"https:\/\/www.scielo.cl\/pdf\/terpsicol\/v33n2\/art06.pdf\" target=\"_blank\" rel=\"noopener\">Las m\u00faltiples caras del suicidio en la cl\u00ednica psicol\u00f3gica.<\/a><\/p>\n<p>5.- <a href=\"https:\/\/pnsd.sanidad.gob.es\/profesionales\/publicaciones\/catalogo\/bibliotecaDigital\/publicaciones\/pdf\/2016_Actividad_motivada_y_patologia_dual.pdf\" target=\"_blank\" rel=\"noopener\">Actividad motivada y patolog\u00eda (sanidad.gob.es)<\/a><\/p>\n<p>6.- <a href=\"https:\/\/circulosclinicos.cl\/wp-content\/uploads\/2023\/10\/Informe-Intentos-de-Suicidio-Region-de-OHiggins-.pdf\" target=\"_blank\" rel=\"noopener\">Bolet\u00edn informativo \u2013 Intentos de Suicidio y Autoagresi\u00f3n Situaci\u00f3n epidemiologia Regi\u00f3n de O\u2019Higgins 2023.<\/a><\/p>\n<p>&nbsp;<\/p>\n<p>[\/et_pb_team_member][\/et_pb_column][\/et_pb_row][\/et_pb_section][et_pb_section fb_built=\u00bb1&#8243; _builder_version=\u00bb4.23&#8243; _module_preset=\u00bbdefault\u00bb custom_padding=\u00bb0px|||||\u00bb global_colors_info=\u00bb{}\u00bb][et_pb_row _builder_version=\u00bb4.23&#8243; _module_preset=\u00bbdefault\u00bb width=\u00bb100%\u00bb max_width=\u00bb110%\u00bb custom_margin=\u00bb|||-2px|false|false\u00bb custom_margin_tablet=\u00bb|||-58px|false|false\u00bb custom_margin_phone=\u00bb|||6px|false|false\u00bb custom_margin_last_edited=\u00bbon|phone\u00bb global_colors_info=\u00bb{}\u00bb][et_pb_column type=\u00bb4_4&#8243; _builder_version=\u00bb4.23&#8243; _module_preset=\u00bbdefault\u00bb global_colors_info=\u00bb{}\u00bb][et_pb_team_member name=\u00bb@ET-DC@eyJkeW5hbWljIjp0cnVlLCJjb250ZW50IjoicG9zdF9hdXRob3IiLCJzZXR0aW5ncyI6eyJiZWZvcmUiOiIiLCJhZnRlciI6IiIsIm5hbWVfZm9ybWF0IjoiZGlzcGxheV9uYW1lIiwibGluayI6Im9mZiIsImxpbmtfZGVzdGluYXRpb24iOiJhdXRob3JfYXJjaGl2ZSJ9fQ==@\u00bb image_url=\u00bbhttps:\/\/circulosclinicos.cl\/wp-content\/uploads\/2023\/07\/yo.png\u00bb use_icon_font_size=\u00bbon\u00bb icon_font_size=\u00bb19px\u00bb icon_font_size_tablet=\u00bb\u00bb icon_font_size_phone=\u00bb18px\u00bb icon_font_size_last_edited=\u00bbon|phone\u00bb _builder_version=\u00bb4.23.1&#8243; _dynamic_attributes=\u00bbname\u00bb _module_preset=\u00bbdefault\u00bb header_font_size=\u00bb25px\u00bb body_font=\u00bbPoppins||||||||\u00bb body_font_size=\u00bb15px\u00bb background_color=\u00bb#e2e2e2&#8243; width=\u00bb79%\u00bb module_alignment=\u00bbcenter\u00bb custom_margin=\u00bb|||-21px||\u00bb custom_padding=\u00bb10px|25px|12px|10px|false|false\u00bb hover_enabled=\u00bb0&#8243; border_radii=\u00bbon|5px|5px|5px|5px\u00bb border_radii_image=\u00bbon|8px|8px|8px|8px\u00bb box_shadow_style_image=\u00bbpreset2&#8243; box_shadow_horizontal_image_tablet=\u00bb\u00bb box_shadow_horizontal_image_phone=\u00bb\u00bb box_shadow_horizontal_image_last_edited=\u00bbon|phone\u00bb global_colors_info=\u00bb{}\u00bb sticky_enabled=\u00bb0&#8243; header_font_size_last_edited=\u00bbon|desktop\u00bb body_font_size_last_edited=\u00bbon|desktop\u00bb header_font_size_tablet=\u00bb25px\u00bb header_font_size_phone=\u00bb25px\u00bb body_font_size_tablet=\u00bb15px\u00bb body_font_size_phone=\u00bb15px\u00bb]<\/p>\n<p>&nbsp;<\/p>\n<p style=\"text-align: justify;\">Psic\u00f3logo Cl\u00ednico y vocacional.<br \/>Especialista en An\u00e1lisis Institucional y procesos de Grupos.<br \/>Magister en Educaci\u00f3n en curr\u00edculum y evaluaci\u00f3n.<br \/>Profesor de Filosof\u00eda y Especialista en Inclusi\u00f3n Educativa.<br \/>Creador de la Fundaci\u00f3n Abriendo Caminos para la inclusi\u00f3n Social<br \/>Creador de la Cl\u00ednica Educativa para el desarrollo y an\u00e1lisis de los procesos de formaci\u00f3n en educaci\u00f3n.<br \/>Director de C\u00edrculos Grupales: di\u00e1logos, reflexi\u00f3n y masculinidades.<br \/>Es Jefe del Centro de Desarrollo Integral de la Liga Chilena contra\u00a0 la Epilepsia.<\/p>\n<p>[\/et_pb_team_member][\/et_pb_column][\/et_pb_row][\/et_pb_section]<\/p>\n","protected":false},"excerpt":{"rendered":"<p>&nbsp; 1.- Presentaci\u00f3n PPT. Frente al consumo y sucidio: \u00bfExiste una receta? (Ps. Mauricio Pizarro &#8211; Ps. Christian Garc\u00eda). 2.- Conducta suicida, consumo de sustancias psicoactivas y calidad de vida en adolescentes chilenos. 3.-PROGRAMA NACIONAL DE PREVENCION DEL SUICIDIO.\u00a0 Orientaciones para su Implementaci\u00f3n. 4.- Las m\u00faltiples caras del suicidio en la cl\u00ednica psicol\u00f3gica. 5.- Actividad [&hellip;]<\/p>\n","protected":false},"author":2,"featured_media":0,"parent":0,"menu_order":0,"comment_status":"closed","ping_status":"closed","template":"","meta":{"_et_pb_use_builder":"on","_et_pb_old_content":"","_et_gb_content_width":"","footnotes":""},"class_list":["post-2431","page","type-page","status-publish","hentry"],"_links":{"self":[{"href":"https:\/\/circulosclinicos.cl\/index.php?rest_route=\/wp\/v2\/pages\/2431","targetHints":{"allow":["GET"]}}],"collection":[{"href":"https:\/\/circulosclinicos.cl\/index.php?rest_route=\/wp\/v2\/pages"}],"about":[{"href":"https:\/\/circulosclinicos.cl\/index.php?rest_route=\/wp\/v2\/types\/page"}],"author":[{"embeddable":true,"href":"https:\/\/circulosclinicos.cl\/index.php?rest_route=\/wp\/v2\/users\/2"}],"replies":[{"embeddable":true,"href":"https:\/\/circulosclinicos.cl\/index.php?rest_route=%2Fwp%2Fv2%2Fcomments&post=2431"}],"version-history":[{"count":57,"href":"https:\/\/circulosclinicos.cl\/index.php?rest_route=\/wp\/v2\/pages\/2431\/revisions"}],"predecessor-version":[{"id":2564,"href":"https:\/\/circulosclinicos.cl\/index.php?rest_route=\/wp\/v2\/pages\/2431\/revisions\/2564"}],"wp:attachment":[{"href":"https:\/\/circulosclinicos.cl\/index.php?rest_route=%2Fwp%2Fv2%2Fmedia&parent=2431"}],"curies":[{"name":"wp","href":"https:\/\/api.w.org\/{rel}","templated":true}]}}