{"id":85,"date":"2022-10-12T02:32:01","date_gmt":"2022-10-12T02:32:01","guid":{"rendered":"https:\/\/circulosclinicos.cl\/?page_id=85"},"modified":"2025-08-30T21:15:14","modified_gmt":"2025-08-31T01:15:14","slug":"quien-soy","status":"publish","type":"page","link":"https:\/\/circulosclinicos.cl\/?page_id=85","title":{"rendered":"Qui\u00e9n soy"},"content":{"rendered":"<p>[et_pb_section fb_built=\u00bb1&#8243; next_background_color=\u00bb#ffffff\u00bb _builder_version=\u00bb4.27.4&#8243; use_background_color_gradient=\u00bbon\u00bb background_color_gradient_type=\u00bbcircular\u00bb background_color_gradient_direction_radial=\u00bbtop left\u00bb background_color_gradient_stops=\u00bb#2b265d 9%|rgba(247,177,51,0.23) 99%\u00bb background_color_gradient_overlays_image=\u00bbon\u00bb background_color_gradient_start=\u00bbrgba(255,227,208,0.7)\u00bb background_color_gradient_start_position=\u00bb50%\u00bb background_color_gradient_end=\u00bbrgba(255,227,208,0.3)\u00bb background_image=\u00bbhttps:\/\/circulosclinicos.cl\/wp-content\/uploads\/2023\/07\/IMG_2666-scaled.jpg\u00bb background_size=\u00bbcontain\u00bb background_position=\u00bbcenter_right\u00bb background_horizontal_offset=\u00bb17%\u00bb width_tablet=\u00bb\u00bb width_phone=\u00bb\u00bb width_last_edited=\u00bbon|phone\u00bb custom_margin=\u00bb4px||||false|\u00bb custom_padding=\u00bb8vw||4vw||false|false\u00bb bottom_divider_style=\u00bbcurve\u00bb bottom_divider_height=\u00bb2.5vw\u00bb global_colors_info=\u00bb{}\u00bb][et_pb_row _builder_version=\u00bb4.16&#8243; custom_margin=\u00bb-40px|auto||auto||\u00bb custom_padding=\u00bb0px|||||\u00bb animation_style=\u00bbfade\u00bb hover_enabled=\u00bb0&#8243; global_colors_info=\u00bb{}\u00bb sticky_enabled=\u00bb0&#8243;][et_pb_column type=\u00bb4_4&#8243; _builder_version=\u00bb4.27.4&#8243; custom_padding=\u00bb|||\u00bb global_colors_info=\u00bb{}\u00bb custom_padding__hover=\u00bb|||\u00bb][et_pb_text _builder_version=\u00bb4.27.4&#8243; text_font=\u00bb&#8211;et_global_body_font|700|||||||\u00bb text_text_color=\u00bb#FFFFFF\u00bb text_font_size=\u00bb18px\u00bb text_line_height=\u00bb2em\u00bb header_font=\u00bbMontserrat|700|||||||\u00bb header_text_color=\u00bb#FFFFFF\u00bb header_font_size=\u00bb50px\u00bb header_line_height=\u00bb1.4em\u00bb text_orientation=\u00bbcenter\u00bb max_width=\u00bb700px\u00bb module_alignment=\u00bbcenter\u00bb custom_padding=\u00bb||0px|||\u00bb hover_enabled=\u00bb0&#8243; text_font_size_tablet=\u00bb18px\u00bb text_font_size_phone=\u00bb13px\u00bb text_font_size_last_edited=\u00bbon|phone\u00bb header_font_size_tablet=\u00bb40px\u00bb header_font_size_phone=\u00bb26px\u00bb header_font_size_last_edited=\u00bbon|phone\u00bb global_colors_info=\u00bb{}\u00bb custom_margin=\u00bb12px||||false|false\u00bb sticky_enabled=\u00bb0&#8243; admin_label=\u00bbTexto\u00bb custom_margin_last_edited=\u00bbon|phone\u00bb custom_margin_phone=\u00bb12px||||false|false\u00bb custom_margin_tablet=\u00bb12px||||false|false\u00bb]<\/p>\n<h1>Lo que me mueve&#8230;<\/h1>\n<p>Ps. Mauricio Pizarro Castillo<\/p>\n<p>[\/et_pb_text][\/et_pb_column][\/et_pb_row][\/et_pb_section][et_pb_section fb_built=\u00bb1&#8243; admin_label=\u00bbAbout Me\u00bb _builder_version=\u00bb4.16&#8243; custom_padding=\u00bb||0px|||\u00bb global_colors_info=\u00bb{}\u00bb][et_pb_row column_structure=\u00bb1_4,3_4&#8243; use_custom_gutter=\u00bbon\u00bb padding_top_bottom_link_2=\u00bbtrue\u00bb padding_left_right_link_2=\u00bbtrue\u00bb _builder_version=\u00bb4.27.4&#8243; max_width=\u00bb80%\u00bb custom_margin=\u00bb|0px||\u00bb custom_margin_tablet=\u00bb|10%||10%||true\u00bb custom_margin_phone=\u00bb\u00bb custom_margin_last_edited=\u00bbon|tablet\u00bb custom_padding=\u00bb45px|0px|0px|0px|false|false\u00bb use_custom_width=\u00bbon\u00bb width_unit=\u00bboff\u00bb global_colors_info=\u00bb{}\u00bb][et_pb_column type=\u00bb1_4&#8243; _builder_version=\u00bb4.16&#8243; custom_padding=\u00bb|||\u00bb global_colors_info=\u00bb{}\u00bb custom_padding__hover=\u00bb|||\u00bb][et_pb_image src=\u00bbhttps:\/\/circulosclinicos.cl\/wp-content\/uploads\/2023\/07\/yo.png\u00bb title_text=\u00bbyo\u00bb align_tablet=\u00bbcenter\u00bb align_phone=\u00bbcenter\u00bb align_last_edited=\u00bbon|desktop\u00bb _builder_version=\u00bb4.27.4&#8243; custom_margin=\u00bb-60px|-50%||\u00bb custom_margin_tablet=\u00bb|0%||\u00bb custom_margin_phone=\u00bb\u00bb custom_margin_last_edited=\u00bbon|tablet\u00bb animation_style=\u00bbslide\u00bb animation_direction=\u00bbright\u00bb animation_intensity_slide=\u00bb5%\u00bb border_radii=\u00bbon|3px|3px|3px|3px\u00bb box_shadow_style=\u00bbpreset2&#8243; global_colors_info=\u00bb{}\u00bb][\/et_pb_image][\/et_pb_column][et_pb_column type=\u00bb3_4&#8243; _builder_version=\u00bb4.27.4&#8243; background_color=\u00bbrgba(255,255,255,0.52)\u00bb custom_padding=\u00bb40px|60px|40px|60px\u00bb custom_padding_tablet=\u00bb40px|60px|40px|60px\u00bb custom_padding_phone=\u00bb|40px||40px||true\u00bb custom_padding_last_edited=\u00bbon|phone\u00bb border_radii=\u00bbon|3px|3px|3px|3px\u00bb global_colors_info=\u00bb{}\u00bb padding_phone=\u00bb|40px||40px||true\u00bb padding_last_edited=\u00bbon|phone\u00bb custom_padding__hover=\u00bb|||\u00bb][et_pb_text _builder_version=\u00bb4.27.4&#8243; text_font=\u00bb||||||||\u00bb text_font_size=\u00bb16px\u00bb text_line_height=\u00bb1.8em\u00bb header_font=\u00bb||||||||\u00bb header_2_font=\u00bbMontserrat|300|||||||\u00bb header_2_font_size=\u00bb40px\u00bb header_2_line_height=\u00bb1.4em\u00bb header_5_font=\u00bb||||||||\u00bb header_5_text_color=\u00bb#336b6b\u00bb header_5_line_height=\u00bb2em\u00bb max_width=\u00bb700px\u00bb custom_margin_tablet=\u00bb\u00bb custom_margin_phone=\u00bb|-23px||-57px|false|false\u00bb custom_margin_last_edited=\u00bbon|phone\u00bb custom_padding=\u00bb|||21px||\u00bb custom_padding_tablet=\u00bb|||21px||\u00bb custom_padding_phone=\u00bb|||21px||\u00bb custom_padding_last_edited=\u00bbon|phone\u00bb hover_enabled=\u00bb0&#8243; header_2_font_size_tablet=\u00bb\u00bb header_2_font_size_phone=\u00bb29px\u00bb header_2_font_size_last_edited=\u00bbon|phone\u00bb locked=\u00bboff\u00bb global_colors_info=\u00bb{}\u00bb text_font_size_last_edited=\u00bbon|phone\u00bb sticky_enabled=\u00bb0&#8243; text_font_size_phone=\u00bb16px\u00bb text_font_size_tablet=\u00bb16px\u00bb]<\/p>\n<h2>Mauricio Pizarro Castillo<\/h2>\n<h5>Psic\u00f3logo cl\u00ednico<\/h5>\n<h5>Mi \u00e9nfasis es ayudar a dar sentido a las decisiones que se toman y que\u00a0 siempre tienen un componente \u00e9tico y por sobre todo afectivo.<\/h5>\n<div dir=\"auto\"><\/div>\n<div dir=\"auto\">No da lo mismo la posici\u00f3n que se adopta frente a las situaciones de la vida y mi apuesta es contribuir a encontrar una peque\u00f1a luz ah\u00ed donde pareciera haber solo oscuridad.<\/div>\n<div dir=\"auto\"><\/div>\n<div dir=\"auto\"><\/div>\n<div dir=\"auto\"><strong><em>Psic\u00f3logo cl\u00ednico y vocacional<\/em><\/strong><br \/><strong><em>Profesor de Filosof\u00eda<\/em><\/strong><br \/><strong><em>Magister en educaci\u00f3n<\/em><\/strong><br \/><strong><em>Especialista en grupos e instituciones<\/em><\/strong><\/div>\n<div dir=\"auto\"><strong><em><\/em><\/strong><\/div>\n<div dir=\"auto\"><\/div>\n<div dir=\"auto\"><\/div>\n<p><em><strong>Docente Universitario<\/strong><\/em><\/p>\n<p>[\/et_pb_text][\/et_pb_column][\/et_pb_row][et_pb_row _builder_version=\u00bb4.21.0&#8243; _module_preset=\u00bbdefault\u00bb custom_padding=\u00bb5px|||||\u00bb global_colors_info=\u00bb{}\u00bb][et_pb_column type=\u00bb4_4&#8243; _builder_version=\u00bb4.21.0&#8243; _module_preset=\u00bbdefault\u00bb global_colors_info=\u00bb{}\u00bb][et_pb_divider _builder_version=\u00bb4.27.4&#8243; _module_preset=\u00bbdefault\u00bb custom_margin=\u00bb||10px|||\u00bb global_colors_info=\u00bb{}\u00bb][\/et_pb_divider][et_pb_text _builder_version=\u00bb4.21.2&#8243; _module_preset=\u00bbdefault\u00bb text_font_size=\u00bb16px\u00bb text_line_height=\u00bb2.1em\u00bb custom_padding=\u00bb1px|||||\u00bb global_colors_info=\u00bb{}\u00bb]<\/p>\n<p><strong>Director, socio y fundador de la Fundaci\u00f3n Abriendo Caminos<\/strong> para la inclusi\u00f3n social. Es una b\u00fasqueda de la promoci\u00f3n y difusi\u00f3n del desarrollo afectivo y socio-comunitario, la investigaci\u00f3n e intervenci\u00f3n en problem\u00e1ticas o tem\u00e1ticas sociales que atraviesan todo el andamiaje social.<\/p>\n<p><strong>Dirige el Centro de Desarrollo Integral (CEDEI) de la Liga Chilena contra la Epilepsia<\/strong>. En este Centro se trata de dirigir los Servicios del Centro (psicolog\u00eda, psicopedagog\u00eda, terapia ocupacional, fonoaudiolog\u00eda) para ni\u00f1os, ni\u00f1as y j\u00f3venes con epilepsia y sus familias. Como tambi\u00e9n acompa\u00f1ar al equipo de profesionales en su trabajo t\u00e9cnico y de desarrollo profesional.<\/p>\n<p><strong>Director de\u00a0 C\u00edrculos Cl\u00ednicos. <\/strong>Es un espacio de reflexi\u00f3n, di\u00e1logo y masculinidades. Donde a trav\u00e9s de la palabra en grupos o individualmente se busca dar sentido al lugar que se ocupa para s\u00ed mismxs y para otrxs.<\/p>\n<p><strong>Docente universitario<\/strong>. Trabaja como profesor en la Universidad Tecnol\u00f3gica Metropolitana, en la<a href=\"https:\/\/fhtcs.utem.cl\/carreras-ingreso-psu\/trabajo-social\/\"> Escuela de Trabajo Social<\/a><\/p>\n<p>Adem\u00e1s, durante estos a\u00f1os ha desarrollado el trabajo de <strong>psic\u00f3logo cl\u00ednico<\/strong> en su consulta, acompa\u00f1ando procesos que ayuden a dar sentido a lo que aqueja.<\/p>\n<p>[\/et_pb_text][\/et_pb_column][\/et_pb_row][\/et_pb_section][et_pb_section fb_built=\u00bb1&#8243; _builder_version=\u00bb4.21.0&#8243; _module_preset=\u00bbdefault\u00bb background_color=\u00bb#FFFFFF\u00bb custom_padding=\u00bb13px|||||\u00bb global_colors_info=\u00bb{}\u00bb][\/et_pb_section]<\/p>\n","protected":false},"excerpt":{"rendered":"<p>Lo que me mueve&#8230; Ps. Mauricio Pizarro CastilloMauricio Pizarro Castillo Psic\u00f3logo cl\u00ednico Mi \u00e9nfasis es ayudar a dar sentido a las decisiones que se toman y que\u00a0 siempre tienen un componente \u00e9tico y por sobre todo afectivo. No da lo mismo la posici\u00f3n que se adopta frente a las situaciones de la vida y mi [&hellip;]<\/p>\n","protected":false},"author":1,"featured_media":0,"parent":0,"menu_order":0,"comment_status":"closed","ping_status":"closed","template":"","meta":{"_et_pb_use_builder":"on","_et_pb_old_content":"","_et_gb_content_width":"","footnotes":""},"class_list":["post-85","page","type-page","status-publish","hentry"],"_links":{"self":[{"href":"https:\/\/circulosclinicos.cl\/index.php?rest_route=\/wp\/v2\/pages\/85","targetHints":{"allow":["GET"]}}],"collection":[{"href":"https:\/\/circulosclinicos.cl\/index.php?rest_route=\/wp\/v2\/pages"}],"about":[{"href":"https:\/\/circulosclinicos.cl\/index.php?rest_route=\/wp\/v2\/types\/page"}],"author":[{"embeddable":true,"href":"https:\/\/circulosclinicos.cl\/index.php?rest_route=\/wp\/v2\/users\/1"}],"replies":[{"embeddable":true,"href":"https:\/\/circulosclinicos.cl\/index.php?rest_route=%2Fwp%2Fv2%2Fcomments&post=85"}],"version-history":[{"count":56,"href":"https:\/\/circulosclinicos.cl\/index.php?rest_route=\/wp\/v2\/pages\/85\/revisions"}],"predecessor-version":[{"id":2773,"href":"https:\/\/circulosclinicos.cl\/index.php?rest_route=\/wp\/v2\/pages\/85\/revisions\/2773"}],"wp:attachment":[{"href":"https:\/\/circulosclinicos.cl\/index.php?rest_route=%2Fwp%2Fv2%2Fmedia&parent=85"}],"curies":[{"name":"wp","href":"https:\/\/api.w.org\/{rel}","templated":true}]}}